{"id":72,"date":"2008-05-02T08:55:24","date_gmt":"2008-05-02T07:55:24","guid":{"rendered":"http:\/\/www.volksschule-arnschwang.de\/wordpress\/?page_id=72"},"modified":"2025-10-21T09:57:59","modified_gmt":"2025-10-21T08:57:59","slug":"mittagsbetreuung","status":"publish","type":"page","link":"https:\/\/www.volksschule-arnschwang.de\/?page_id=72","title":{"rendered":"Mittagsbetreuung"},"content":{"rendered":"<p>Liebe Eltern,<\/p>\n<p>in diesem Schuljahr f\u00e4hrt der Schulbus an allen Schultagen nur einmal und zwar immer um 13.00 Uhr\/13.39 Uhr. Es entstehen somit an manchen Tagen Wartezeiten f\u00fcr die Sch\u00fcler, die um 11.20 Uhr oder 12.15 Uhr die Schule beenden. Sie k\u00f6nnen nat\u00fcrlich (evtl. in Fahrgemeinschaften, Ihr Kind ist versichert) nach Unterrichtsschluss Ihr Kind abholen. Bitte haben Sie aber daf\u00fcr Verst\u00e4ndnis, dass wir nur kurzzeitig das Schulhaus ge\u00f6ffnet haben, da die Lehrer in anderen Klassen weiter Unterricht halten.<\/p>\n<p>Wir bieten \u2013 wie in den letzten Jahren &#8211; f\u00fcr die Buskinder und die Kinder, deren Eltern am Vormittag arbeiten, eine Mittagsbetreuung an.<\/p>\n<p>Alle interessierten Sch\u00fcler werden unmittelbar nach Unterrichtsende bis max. 14.00 Uhr von Frau Heigl und Frau Bauer in einem f\u00fcr die Mittagsbetreuung vorgesehenen Raum unseres Schulhauses betreut. Die Mittagsbetreuung ist kostenlos.<\/p>\n<p>Die Mittagsbetreuung ist keine Fortsetzung des Unterrichts. Im Vordergrund steht die sinnvolle Freizeitgestaltung: Spiel, Sport und Entspannung. Allerdings m\u00fcssen auch hier bestimmte Verhaltensregeln eingehalten werden. Bitte sagen sie rechtzeitig Bescheid, wenn ihr Kind einmal l\u00e4nger oder an einem Tag gar nicht in die Mittagsbetreuung kommt.<\/p>\n<p>Die Erledigung der Hausaufgaben ist im Allgemeinen nicht vorgesehen, jedoch auf freiwilliger Basis m\u00f6glich.<\/p>\n<p>W\u00e4hrend der Mittagsbetreuung und auf dem Heimweg sind die Sch\u00fcler unfallversichert.<\/p>\n<p>Weitere Ausk\u00fcnfte erteilen wir gerne.<\/p>\n<p>Mit freundlichen Gr\u00fc\u00dfen<\/p>\n<p>Hubert Lauerer, Rektor<\/p>\n\n\n<div class=\"wp-block-file\"><a id=\"wp-block-file--media-42c83938-1267-4753-9fec-a597cad299c5\" href=\"https:\/\/www.volksschule-arnschwang.de\/wp-content\/uploads\/Mittagsbetreuung-Anmeldung.docx\">Mittagsbetreuung Anmeldung<\/a><a href=\"https:\/\/www.volksschule-arnschwang.de\/wp-content\/uploads\/Mittagsbetreuung-Anmeldung.docx\" class=\"wp-block-file__button wp-element-button\" download aria-describedby=\"wp-block-file--media-42c83938-1267-4753-9fec-a597cad299c5\">Herunterladen<\/a><\/div>\n\n\n\n<p class=\"wp-block-paragraph\"><\/p>\n","protected":false},"excerpt":{"rendered":"<p>Liebe Eltern, in diesem Schuljahr f\u00e4hrt der Schulbus an allen Schultagen nur einmal und zwar immer um 13.00 Uhr\/13.39 Uhr. Es entstehen somit an manchen Tagen Wartezeiten f\u00fcr die Sch\u00fcler, die um 11.20 Uhr oder 12.15 Uhr die Schule beenden. &hellip; <a href=\"https:\/\/www.volksschule-arnschwang.de\/?page_id=72\">Weiterlesen <span class=\"meta-nav\">&rarr;<\/span><\/a><\/p>\n","protected":false},"author":1,"featured_media":0,"parent":50,"menu_order":11,"comment_status":"closed","ping_status":"closed","template":"","meta":{"_crdt_document":"","footnotes":""},"class_list":["post-72","page","type-page","status-publish","hentry"],"publishpress_future_action":{"enabled":false,"date":"2026-04-25 12:27:12","action":"Draft","newStatus":"draft","terms":[],"taxonomy":"","extraData":[]},"publishpress_future_workflow_manual_trigger":{"enabledWorkflows":[]},"_links":{"self":[{"href":"https:\/\/www.volksschule-arnschwang.de\/index.php?rest_route=\/wp\/v2\/pages\/72","targetHints":{"allow":["GET"]}}],"collection":[{"href":"https:\/\/www.volksschule-arnschwang.de\/index.php?rest_route=\/wp\/v2\/pages"}],"about":[{"href":"https:\/\/www.volksschule-arnschwang.de\/index.php?rest_route=\/wp\/v2\/types\/page"}],"author":[{"embeddable":true,"href":"https:\/\/www.volksschule-arnschwang.de\/index.php?rest_route=\/wp\/v2\/users\/1"}],"replies":[{"embeddable":true,"href":"https:\/\/www.volksschule-arnschwang.de\/index.php?rest_route=%2Fwp%2Fv2%2Fcomments&post=72"}],"version-history":[{"count":15,"href":"https:\/\/www.volksschule-arnschwang.de\/index.php?rest_route=\/wp\/v2\/pages\/72\/revisions"}],"predecessor-version":[{"id":5088,"href":"https:\/\/www.volksschule-arnschwang.de\/index.php?rest_route=\/wp\/v2\/pages\/72\/revisions\/5088"}],"up":[{"embeddable":true,"href":"https:\/\/www.volksschule-arnschwang.de\/index.php?rest_route=\/wp\/v2\/pages\/50"}],"wp:attachment":[{"href":"https:\/\/www.volksschule-arnschwang.de\/index.php?rest_route=%2Fwp%2Fv2%2Fmedia&parent=72"}],"curies":[{"name":"wp","href":"https:\/\/api.w.org\/{rel}","templated":true}]}}