{"id":4072,"date":"2019-11-27T22:46:50","date_gmt":"2019-11-27T21:46:50","guid":{"rendered":"http:\/\/www.volksschule-arnschwang.de\/?page_id=4072"},"modified":"2026-02-24T10:32:58","modified_gmt":"2026-02-24T09:32:58","slug":"informationen-zu-depressionen-und-angststoerungen","status":"publish","type":"page","link":"https:\/\/www.volksschule-arnschwang.de\/?page_id=4072","title":{"rendered":"Informationen zu Depressionen und Angstst\u00f6rungen"},"content":{"rendered":"\n<h2 class=\"wp-block-heading\"> \u00dcbersicht \u00fcber innerschulische und au\u00dferschulische Hilfsangebote<\/h2>\n\n\n\n<p class=\"wp-block-paragraph\"> Kinder\/Jugendliche und Eltern k\u00f6nnen sich in Notlagen vertrauensvoll wenden an:<\/p>\n\n\n\n<ul class=\"wp-block-list\">\n<li>jede Lehrerin \/ jeden Lehrer des Vertrauens der Grundschule Arnschwang<\/li>\n\n\n\n<li>die Beratungslehrkraft der Schule:\n<ul class=\"wp-block-list\">\n<li>Brunner Sebastian<\/li>\n\n\n\n<li>E-Mail: Sebastian.Brunner@schule.bayern.de<\/li>\n<\/ul>\n<\/li>\n\n\n\n<li>die zust\u00e4ndige Schulpsychologin:\n<ul class=\"wp-block-list\">\n<li>Tauer Christine\n<ul class=\"wp-block-list\">\n<li>Tel: 09971\/843551<\/li>\n\n\n\n<li>E-Mail: christine.tauer@lra.landkreis-cham.de<\/li>\n<\/ul>\n<\/li>\n<\/ul>\n<\/li>\n<\/ul>\n\n\n\n<p class=\"wp-block-paragraph\">Hilfsangebote bieten auch:<\/p>\n\n\n\n<ul class=\"wp-block-list\">\n<li>Staatliche Schulberatungsstelle f\u00fcr die Oberpfalz:\n<ul class=\"wp-block-list\">\n<li>Tel.: 0941\/22036<\/li>\n\n\n\n<li>E-Mail: buero@sbopf.de <\/li>\n<\/ul>\n<\/li>\n\n\n\n<li>Beratungsstelle f\u00fcr Kinder, Jugendliche und Eltern Cham, Kleemannstra\u00dfe 36, 93413 Cham,\n<ul class=\"wp-block-list\">\n<li>Tel: 09971 79974, <\/li>\n\n\n\n<li><a href=\"https:\/\/www.beratungsstelle-cham.de\/\">www.beratungsstelle-cham.de<\/a><\/li>\n<\/ul>\n<\/li>\n\n\n\n<li>Kinder- und Jugendpsychiatrie am Bezirksklinikum (BKH): Kinder- und Jugendpsychiatrie Cham, Tagesklinik, Institutsambulanz, August-Holz-Stra\u00dfe 1 (SANA-Kreiskrankenhaus) 93413 Cham, Eingang: Tiergartenstrasse\n<ul class=\"wp-block-list\">\n<li>Tel&nbsp;+49 (0) 9971\/76655-9500 (Zentrale, Anmeldung)<\/li>\n\n\n\n<li>Fax +49 (0) 9971\/76655-9501<\/li>\n\n\n\n<li>E-Mail: klinik-kjp-cha@medbo.de<\/li>\n<\/ul>\n<\/li>\n\n\n\n<li> Sozialp\u00e4diatrisches Zentrum (SPZ): Regensburger Kinderzentrum St. Martin<\/li>\n\n\n\n<li>Wieshuberstr. 4, 93059 Regensburg,\n<ul class=\"wp-block-list\">\n<li>Telefon: 0941 &#8211; 46502-0, <\/li>\n\n\n\n<li>Fax: 0941 &#8211; 46502-40 <\/li>\n\n\n\n<li>E-Mail:&nbsp;info@kinderzentrum-regensburg.de              <\/li>\n<\/ul>\n<\/li>\n\n\n\n<li>Sozialp\u00e4diatrisches Zentrum, Klinikum Weiden, S\u00f6llnerstr. 16, 92637 Weiden\n<ul class=\"wp-block-list\">\n<li>Tel.: 0961 \/ 303 3331, <\/li>\n\n\n\n<li>Fax: 0961 \/ 303 3339, <\/li>\n\n\n\n<li>Email:&nbsp;spz@kliniken-nordoberpfalz.ag<\/li>\n<\/ul>\n<\/li>\n\n\n\n<li>\u00e4rztlicher Bereitschaftsdienst:\n<ul class=\"wp-block-list\">\n<li>bundesweite Tel.: 116117<\/li>\n<\/ul>\n<\/li>\n\n\n\n<li> niedergelassene Kinder\u00e4rzte und Fach\u00e4rzte f\u00fcr Kinder- und Jugendpsychiatrie (\u00c4rztesuche unter <a href=\"https:\/\/www.kvb.de\/\">www.kvb.de<\/a>) <\/li>\n\n\n\n<li> Psychologische Psychotherapeuten (Therapeutensuche online unter <a href=\"https:\/\/www.kvb.de\/\">www.kvb.de<\/a> oder <a href=\"https:\/\/www.bptk.de\/\">www.bptk.de<\/a> (Bundespsychotherapeutenkammer) bzw. telefonisch \u00fcber die Koordinationsstelle Psychotherapie unter 0921\/787765-40410<\/li>\n<\/ul>\n\n\n\n<p class=\"wp-block-paragraph\">Weitere hilfreiche Telefonnummern und Internetadressen:<\/p>\n\n\n\n<ul class=\"wp-block-list\">\n<li>Projekt \u201eich bin alles\u201c von der&nbsp;<a href=\"https:\/\/www.kjp.med.uni-muenchen.de\/\" target=\"_blank\" rel=\"noreferrer noopener\">Klinik und Poliklinik f\u00fcr Kinder- und Jugendpsychiatrie, Psychosomatik und Psychotherapie des LMU Klinikums M\u00fcnchen<\/a>&nbsp;in Partnerschaft mit der&nbsp;<a href=\"https:\/\/www.beisheim-stiftung.com\/de\/de\" target=\"_blank\" rel=\"noreferrer noopener\">Beisheim Stiftung<\/a>&nbsp;\n<ul class=\"wp-block-list\">\n<li><a href=\"https:\/\/www.ich-bin-alles.de\/\">https:\/\/www.ich-bin-alles.de\/<\/a><\/li>\n<\/ul>\n<\/li>\n\n\n\n<li>Kinder- und Jugendtelefon (Nummer gegen Kummer):\n<ul class=\"wp-block-list\">\n<li>116111 bzw.<\/li>\n\n\n\n<li> <a href=\"https:\/\/www.nummergegenkummer.de\/\">www.nummergegenkummer.de<\/a> (anonym und kostenfrei; auch Onlineberatung), <\/li>\n<\/ul>\n<\/li>\n\n\n\n<li>Telefonseelsorge:\n<ul class=\"wp-block-list\">\n<li>0800\/1110111 oder 0800\/1110222<\/li>\n<\/ul>\n<\/li>\n\n\n\n<li>Kopfhoch.de-Beratungsstelle: telefonisch und online (Beratung f\u00fcr junge Menschen aus der gesamten Oberpfalz);\n<ul class=\"wp-block-list\">\n<li>Tel.: 0800\/5458668 (6-22 Uhr)<\/li>\n\n\n\n<li><a href=\"https:\/\/www.kopfhoch.de\/home.html\">www.kopfhoch.de<\/a> <br \/>(Onlineberatung: 24 h)<\/li>\n<\/ul>\n<\/li>\n\n\n\n<li>Bundeskonferenz f\u00fcr Erziehungsberatung:\n<ul class=\"wp-block-list\">\n<li>bke-Onlineberatung <a href=\"https:\/\/www.bke.de\/\">www.bke.de<\/a> (Elternberatung sowie Jugendberatung)<\/li>\n<\/ul>\n<\/li>\n\n\n\n<li>\u201eFIDEO\u201c (Fighting depression online):\n<ul class=\"wp-block-list\">\n<li><a href=\"https:\/\/www.fideo.de\/\">www.fideo.de<\/a> <br \/>(u.a. Forum zum Austausch, Selbsttest, Wissen \u00fcber Depressionen)<\/li>\n<\/ul>\n<\/li>\n\n\n\n<li>\u201eStiftung Deutsche Depressionshilfe\u201c:\n<ul class=\"wp-block-list\">\n<li>www.deutsche-depressionshilfe.de (u. a. Infotelefon 0800\/3344533, Online-Foren, Suche nach Hilfsangeboten in der jeweiligen Region)<\/li>\n<\/ul>\n<\/li>\n\n\n\n<li>Krisendienst Horizont:\n<ul class=\"wp-block-list\">\n<li>Tel.: 90941\/58181, <\/li>\n\n\n\n<li><a href=\"https:\/\/www.caritas-regensburg.de\">www.krisendienst-horizont.de<\/a> <br \/>(Hilfe bei Suizidgefahr)   <\/li>\n<\/ul>\n<\/li>\n\n\n\n<li>U 25 Freiburg:\n<ul class=\"wp-block-list\">\n<li><a href=\"https:\/\/www.u25-freiburg.de\/\">www.u25-freiburg.de<\/a> (anonyme Mailberatung bei Krisen und Suizidgedanken)<\/li>\n<\/ul>\n<\/li>\n<\/ul>\n","protected":false},"excerpt":{"rendered":"<p>\u00dcbersicht \u00fcber innerschulische und au\u00dferschulische Hilfsangebote Kinder\/Jugendliche und Eltern k\u00f6nnen sich in Notlagen vertrauensvoll wenden an: Hilfsangebote bieten auch: Weitere hilfreiche Telefonnummern und Internetadressen:<\/p>\n","protected":false},"author":1,"featured_media":0,"parent":4068,"menu_order":0,"comment_status":"closed","ping_status":"closed","template":"","meta":{"_crdt_document":"","footnotes":""},"class_list":["post-4072","page","type-page","status-publish","hentry"],"publishpress_future_action":{"enabled":false,"date":"2026-05-20 13:25:47","action":"Draft","newStatus":"draft","terms":[],"taxonomy":"","extraData":[]},"publishpress_future_workflow_manual_trigger":{"enabledWorkflows":[]},"_links":{"self":[{"href":"https:\/\/www.volksschule-arnschwang.de\/index.php?rest_route=\/wp\/v2\/pages\/4072","targetHints":{"allow":["GET"]}}],"collection":[{"href":"https:\/\/www.volksschule-arnschwang.de\/index.php?rest_route=\/wp\/v2\/pages"}],"about":[{"href":"https:\/\/www.volksschule-arnschwang.de\/index.php?rest_route=\/wp\/v2\/types\/page"}],"author":[{"embeddable":true,"href":"https:\/\/www.volksschule-arnschwang.de\/index.php?rest_route=\/wp\/v2\/users\/1"}],"replies":[{"embeddable":true,"href":"https:\/\/www.volksschule-arnschwang.de\/index.php?rest_route=%2Fwp%2Fv2%2Fcomments&post=4072"}],"version-history":[{"count":12,"href":"https:\/\/www.volksschule-arnschwang.de\/index.php?rest_route=\/wp\/v2\/pages\/4072\/revisions"}],"predecessor-version":[{"id":5145,"href":"https:\/\/www.volksschule-arnschwang.de\/index.php?rest_route=\/wp\/v2\/pages\/4072\/revisions\/5145"}],"up":[{"embeddable":true,"href":"https:\/\/www.volksschule-arnschwang.de\/index.php?rest_route=\/wp\/v2\/pages\/4068"}],"wp:attachment":[{"href":"https:\/\/www.volksschule-arnschwang.de\/index.php?rest_route=%2Fwp%2Fv2%2Fmedia&parent=4072"}],"curies":[{"name":"wp","href":"https:\/\/api.w.org\/{rel}","templated":true}]}}