{"id":2628,"date":"2013-04-26T21:09:58","date_gmt":"2013-04-26T20:09:58","guid":{"rendered":"http:\/\/www.volksschule-arnschwang.de\/?page_id=2628"},"modified":"2013-07-09T07:35:11","modified_gmt":"2013-07-09T06:35:11","slug":"unser-leitbild","status":"publish","type":"page","link":"https:\/\/www.volksschule-arnschwang.de\/?page_id=2628","title":{"rendered":"Unser Leitbild"},"content":{"rendered":"<p>Wir wollen eine Schule sein,<\/p>\n<ul>\n<li>in der jeder etwas ganz Besonderes ist und zu der alle dazugeh\u00f6ren, selbstverst\u00e4ndlich auch unsere Freunde aus St. Gunther<\/li>\n<li>in der sich alle gegenseitig respektieren und h\u00f6flich miteinander umgehen<\/li>\n<li>in der die Sch\u00fcler mit einem Sinn f\u00fcr die Natur und ihre Umwelt aufwachsen<\/li>\n<li>in der jedem Kind die Chance zur bestm\u00f6glichen Entwicklung gegeben wird<\/li>\n<li>in der sich Sch\u00fcler, Eltern und Lehrer gleicherma\u00dfen wohl f\u00fchlen<\/li>\n<\/ul>\n","protected":false},"excerpt":{"rendered":"<p>Wir wollen eine Schule sein, in der jeder etwas ganz Besonderes ist und zu der alle dazugeh\u00f6ren, selbstverst\u00e4ndlich auch unsere Freunde aus St. Gunther in der sich alle gegenseitig respektieren und h\u00f6flich miteinander umgehen in der die Sch\u00fcler mit einem &hellip; <a href=\"https:\/\/www.volksschule-arnschwang.de\/?page_id=2628\">Weiterlesen <span class=\"meta-nav\">&rarr;<\/span><\/a><\/p>\n","protected":false},"author":1,"featured_media":0,"parent":0,"menu_order":1,"comment_status":"closed","ping_status":"closed","template":"","meta":{"_crdt_document":"","footnotes":""},"class_list":["post-2628","page","type-page","status-publish","hentry"],"publishpress_future_action":{"enabled":false,"date":"2026-05-24 04:03:20","action":"Draft","newStatus":"draft","terms":[],"taxonomy":"","extraData":[]},"publishpress_future_workflow_manual_trigger":{"enabledWorkflows":[]},"_links":{"self":[{"href":"https:\/\/www.volksschule-arnschwang.de\/index.php?rest_route=\/wp\/v2\/pages\/2628","targetHints":{"allow":["GET"]}}],"collection":[{"href":"https:\/\/www.volksschule-arnschwang.de\/index.php?rest_route=\/wp\/v2\/pages"}],"about":[{"href":"https:\/\/www.volksschule-arnschwang.de\/index.php?rest_route=\/wp\/v2\/types\/page"}],"author":[{"embeddable":true,"href":"https:\/\/www.volksschule-arnschwang.de\/index.php?rest_route=\/wp\/v2\/users\/1"}],"replies":[{"embeddable":true,"href":"https:\/\/www.volksschule-arnschwang.de\/index.php?rest_route=%2Fwp%2Fv2%2Fcomments&post=2628"}],"version-history":[{"count":4,"href":"https:\/\/www.volksschule-arnschwang.de\/index.php?rest_route=\/wp\/v2\/pages\/2628\/revisions"}],"predecessor-version":[{"id":2630,"href":"https:\/\/www.volksschule-arnschwang.de\/index.php?rest_route=\/wp\/v2\/pages\/2628\/revisions\/2630"}],"wp:attachment":[{"href":"https:\/\/www.volksschule-arnschwang.de\/index.php?rest_route=%2Fwp%2Fv2%2Fmedia&parent=2628"}],"curies":[{"name":"wp","href":"https:\/\/api.w.org\/{rel}","templated":true}]}}