{"id":2432,"date":"2012-09-11T11:21:58","date_gmt":"2012-09-11T10:21:58","guid":{"rendered":"http:\/\/www.volksschule-arnschwang.de\/?page_id=2432"},"modified":"2025-10-21T10:11:32","modified_gmt":"2025-10-21T09:11:32","slug":"busfahrplan-schuljahr-20122013","status":"publish","type":"page","link":"https:\/\/www.volksschule-arnschwang.de\/?page_id=2432","title":{"rendered":"Busfahrplan Schuljahr 2025\/26"},"content":{"rendered":"\n<h3 class=\"wp-block-heading\">Morgens<\/h3>\n\n\n\n<figure class=\"wp-block-table\"><table class=\"has-fixed-layout\"><tbody><tr><th>Zeit<\/th><th>Haltestelle<\/th><\/tr><tr><td>07.00 Uhr<\/td><td>Walting<\/td><\/tr><tr><td>07.04 Uhr<\/td><td>Weiherm\u00fchle<\/td><\/tr><tr><td>07.05 Uhr<\/td><td>Rumpelm\u00fchle &#8211; Berghaus<\/td><\/tr><tr><td>07.12 Uhr<\/td><td>Zenching<\/td><\/tr><tr><td>07.14 Uhr<\/td><td>N\u00f6\u00dfwartling &#8211; Siedlung<\/td><\/tr><tr><td>07.15 Uhr<\/td><td>N\u00f6\u00dfwartling &#8211; Ort<\/td><\/tr><tr><td><strong>07.21 Uhr<\/strong><\/td><td><strong>SCHULE<\/strong><\/td><\/tr><tr><td>07.29 Uhr<\/td><td>Grasfilzing<\/td><\/tr><tr><td>07.31 Uhr<\/td><td>Grasfilzing &#8211; Siedlung &#8211; M\u00fchlberg<\/td><\/tr><tr><td>07.32 Uhr<\/td><td>Elst<\/td><\/tr><tr><td>07.34 Uhr<\/td><td>Tretting<\/td><\/tr><tr><td>07.42 Uhr<\/td><td>Faustendorf<\/td><\/tr><tr><td>07.46 Uhr<\/td><td>Warmleiten<\/td><\/tr><tr><td>07.50 Uhr<\/td><td>R\u00e4nkam &#8211; Kirche<\/td><\/tr><tr><td><strong>07.56 Uhr<\/strong><\/td><td><strong>SCHULE<\/strong><\/td><\/tr><\/tbody><\/table><\/figure>\n\n\n\n<h3 class=\"wp-block-heading\">Mittags<\/h3>\n\n\n\n<figure class=\"wp-block-table\"><table class=\"has-fixed-layout\"><tbody><tr><th>Zeit<\/th><th>Haltestelle<\/th><\/tr><tr><td><strong>13.00 Uhr<\/strong><\/td><td><strong>SCHULE<\/strong><\/td><\/tr><tr><td>13.10 Uhr<\/td><td>Walting<\/td><\/tr><tr><td>13.14 Uhr<\/td><td>Weiherm\u00fchle<\/td><\/tr><tr><td>13.15 Uhr<\/td><td>Rumplm\u00fchle &#8211; Berghaus<\/td><\/tr><tr><td>13.22 Uhr<\/td><td>Zenching<\/td><\/tr><tr><td>13.24 Uhr<\/td><td>N\u00f6\u00dfwartling &#8211; Siedlung<\/td><\/tr><tr><td>13.25 Uhr<\/td><td>N\u00f6\u00dfwartling &#8211; Ort<\/td><\/tr><tr><td><strong>13.31 Uhr<\/strong><\/td><td><strong>SCHULE<\/strong><\/td><\/tr><tr><td>13.39 Uhr<\/td><td>Grasfilzing<\/td><\/tr><tr><td>13.41 Uhr<\/td><td>Grasfilzing &#8211; Siedlung &#8211; M\u00fchlberg<\/td><\/tr><tr><td>13.42 Uhr<\/td><td>Elst<\/td><\/tr><tr><td>13.44 Uhr<\/td><td>Tretting<\/td><\/tr><tr><td>13.52 Uhr<\/td><td>Faustendorf<\/td><\/tr><tr><td>13.56 Uhr<\/td><td>Warmleiten<\/td><\/tr><tr><td>14.00 Uhr<\/td><td>R\u00e4nkam &#8211; Kirche<\/td><\/tr><\/tbody><\/table><\/figure>\n","protected":false},"excerpt":{"rendered":"<p>Morgens Zeit Haltestelle 07.00 Uhr Walting 07.04 Uhr Weiherm\u00fchle 07.05 Uhr Rumpelm\u00fchle &#8211; Berghaus 07.12 Uhr Zenching 07.14 Uhr N\u00f6\u00dfwartling &#8211; Siedlung 07.15 Uhr N\u00f6\u00dfwartling &#8211; Ort 07.21 Uhr SCHULE 07.29 Uhr Grasfilzing 07.31 Uhr Grasfilzing &#8211; Siedlung &#8211; M\u00fchlberg &hellip; <a href=\"https:\/\/www.volksschule-arnschwang.de\/?page_id=2432\">Weiterlesen <span class=\"meta-nav\">&rarr;<\/span><\/a><\/p>\n","protected":false},"author":1,"featured_media":0,"parent":50,"menu_order":8,"comment_status":"closed","ping_status":"closed","template":"","meta":{"_crdt_document":"","footnotes":""},"class_list":["post-2432","page","type-page","status-publish","hentry"],"publishpress_future_action":{"enabled":false,"date":"2026-04-27 09:18:21","action":"Draft","newStatus":"draft","terms":[],"taxonomy":"","extraData":[]},"publishpress_future_workflow_manual_trigger":{"enabledWorkflows":[]},"_links":{"self":[{"href":"https:\/\/www.volksschule-arnschwang.de\/index.php?rest_route=\/wp\/v2\/pages\/2432","targetHints":{"allow":["GET"]}}],"collection":[{"href":"https:\/\/www.volksschule-arnschwang.de\/index.php?rest_route=\/wp\/v2\/pages"}],"about":[{"href":"https:\/\/www.volksschule-arnschwang.de\/index.php?rest_route=\/wp\/v2\/types\/page"}],"author":[{"embeddable":true,"href":"https:\/\/www.volksschule-arnschwang.de\/index.php?rest_route=\/wp\/v2\/users\/1"}],"replies":[{"embeddable":true,"href":"https:\/\/www.volksschule-arnschwang.de\/index.php?rest_route=%2Fwp%2Fv2%2Fcomments&post=2432"}],"version-history":[{"count":22,"href":"https:\/\/www.volksschule-arnschwang.de\/index.php?rest_route=\/wp\/v2\/pages\/2432\/revisions"}],"predecessor-version":[{"id":5091,"href":"https:\/\/www.volksschule-arnschwang.de\/index.php?rest_route=\/wp\/v2\/pages\/2432\/revisions\/5091"}],"up":[{"embeddable":true,"href":"https:\/\/www.volksschule-arnschwang.de\/index.php?rest_route=\/wp\/v2\/pages\/50"}],"wp:attachment":[{"href":"https:\/\/www.volksschule-arnschwang.de\/index.php?rest_route=%2Fwp%2Fv2%2Fmedia&parent=2432"}],"curies":[{"name":"wp","href":"https:\/\/api.w.org\/{rel}","templated":true}]}}